{"id":8,"date":"2025-12-27T17:47:08","date_gmt":"2025-12-27T20:47:08","guid":{"rendered":"https:\/\/escuelaconcentracion.com\/?page_id=8"},"modified":"2025-12-27T20:12:48","modified_gmt":"2025-12-27T23:12:48","slug":"quienes-somos","status":"publish","type":"page","link":"https:\/\/escuelaconcentracion.com\/?page_id=8","title":{"rendered":"Quienes somos"},"content":{"rendered":"\n<h2 class=\"wp-block-heading\">\u00bfQui\u00e9nes Somos?<\/h2>\n\n\n\n<p>La&nbsp;Escuela de Concentraci\u00f3n Los Loros&nbsp;es un establecimiento educacional p\u00fablico, dependiente del&nbsp;Servicio Local de Educaci\u00f3n P\u00fablica (SLEP), ubicado en la localidad de Los Loros, comuna de Tierra Amarilla, Regi\u00f3n de Atacama.<\/p>\n\n\n\n<p>Brindamos educaci\u00f3n a estudiantes desde pre b\u00e1sica hasta ense\u00f1anza media t\u00e9cnico profesional, promoviendo una formaci\u00f3n integral que considera el desarrollo acad\u00e9mico, personal y social, en un entorno inclusivo y de respeto por la diversidad.<\/p>\n\n\n\n<h2 class=\"wp-block-heading\">Nuestra labor educativa<\/h2>\n\n\n\n<p>Nuestra escuela orienta su trabajo pedag\u00f3gico al desarrollo de aprendizajes significativos, fomentando valores y habilidades que permitan a los estudiantes desenvolverse de manera responsable y participativa en la sociedad.<\/p>\n\n\n\n<p>Trabajamos de manera colaborativa con las familias y la comunidad local, fortaleciendo el v\u00ednculo escuela\u2013familia como base del proceso educativo.<\/p>\n\n\n\n<h2 class=\"wp-block-heading\">Nuestro equipo<\/h2>\n\n\n\n<p>Contamos con un equipo directivo, docente y de asistentes de la educaci\u00f3n comprometido con:<\/p>\n\n\n\n<ul class=\"wp-block-list\">\n<li>La mejora continua de los procesos pedag\u00f3gicos<\/li>\n\n\n\n<li>El fortalecimiento de la convivencia escolar<\/li>\n\n\n\n<li>La inclusi\u00f3n y el respeto por la diversidad<\/li>\n\n\n\n<li>El bienestar integral de nuestros estudiantes<\/li>\n<\/ul>\n\n\n\n<h2 class=\"wp-block-heading\">Compromiso con la comunidad<\/h2>\n\n\n\n<p>Como comunidad educativa, promovemos valores como:<\/p>\n\n\n\n<ul class=\"wp-block-list\">\n<li>Respeto<\/li>\n\n\n\n<li>Responsabilidad<\/li>\n\n\n\n<li>Solidaridad<\/li>\n\n\n\n<li>Convivencia democr\u00e1tica<\/li>\n<\/ul>\n\n\n\n<p>Nuestro compromiso es formar estudiantes \u00edntegros, capaces de desarrollar su proyecto de vida y contribuir positivamente a su entorno.<\/p>\n","protected":false},"excerpt":{"rendered":"<p>\u00bfQui\u00e9nes Somos? La&nbsp;Escuela de Concentraci\u00f3n Los Loros&nbsp;es un establecimiento educacional p\u00fablico, dependiente del&nbsp;Servicio Local de Educaci\u00f3n P\u00fablica (SLEP), ubicado en la localidad de Los Loros, comuna de Tierra Amarilla, Regi\u00f3n de Atacama. Brindamos educaci\u00f3n a estudiantes desde pre b\u00e1sica hasta ense\u00f1anza media t\u00e9cnico profesional, promoviendo una formaci\u00f3n integral que considera el desarrollo acad\u00e9mico, personal y [&hellip;]<\/p>\n","protected":false},"author":1,"featured_media":0,"parent":0,"menu_order":0,"comment_status":"closed","ping_status":"closed","template":"","meta":{"footnotes":""},"class_list":["post-8","page","type-page","status-publish","hentry"],"blocksy_meta":[],"_hostinger_reach_plugin_has_subscription_block":false,"_hostinger_reach_plugin_is_elementor":false,"_links":{"self":[{"href":"https:\/\/escuelaconcentracion.com\/index.php?rest_route=\/wp\/v2\/pages\/8","targetHints":{"allow":["GET"]}}],"collection":[{"href":"https:\/\/escuelaconcentracion.com\/index.php?rest_route=\/wp\/v2\/pages"}],"about":[{"href":"https:\/\/escuelaconcentracion.com\/index.php?rest_route=\/wp\/v2\/types\/page"}],"author":[{"embeddable":true,"href":"https:\/\/escuelaconcentracion.com\/index.php?rest_route=\/wp\/v2\/users\/1"}],"replies":[{"embeddable":true,"href":"https:\/\/escuelaconcentracion.com\/index.php?rest_route=%2Fwp%2Fv2%2Fcomments&post=8"}],"version-history":[{"count":4,"href":"https:\/\/escuelaconcentracion.com\/index.php?rest_route=\/wp\/v2\/pages\/8\/revisions"}],"predecessor-version":[{"id":97,"href":"https:\/\/escuelaconcentracion.com\/index.php?rest_route=\/wp\/v2\/pages\/8\/revisions\/97"}],"wp:attachment":[{"href":"https:\/\/escuelaconcentracion.com\/index.php?rest_route=%2Fwp%2Fv2%2Fmedia&parent=8"}],"curies":[{"name":"wp","href":"https:\/\/api.w.org\/{rel}","templated":true}]}}