{"id":6,"date":"2025-12-27T17:46:24","date_gmt":"2025-12-27T20:46:24","guid":{"rendered":"https:\/\/escuelaconcentracion.com\/?page_id=6"},"modified":"2026-03-03T11:34:13","modified_gmt":"2026-03-03T14:34:13","slug":"inicio","status":"publish","type":"page","link":"https:\/\/escuelaconcentracion.com\/?page_id=6","title":{"rendered":"Inicio"},"content":{"rendered":"\n<figure class=\"wp-block-image size-large is-resized\"><img loading=\"lazy\" decoding=\"async\" width=\"1024\" height=\"341\" src=\"https:\/\/escuelaconcentracion.com\/wp-content\/uploads\/2025\/12\/Donde-el-saber-cruza-fronteras.zip-1-1024x341.png\" alt=\"\" class=\"wp-image-178\" style=\"aspect-ratio:3.0029819329942113;width:1200px;height:auto\" srcset=\"https:\/\/escuelaconcentracion.com\/wp-content\/uploads\/2025\/12\/Donde-el-saber-cruza-fronteras.zip-1-1024x341.png 1024w, https:\/\/escuelaconcentracion.com\/wp-content\/uploads\/2025\/12\/Donde-el-saber-cruza-fronteras.zip-1-300x100.png 300w, https:\/\/escuelaconcentracion.com\/wp-content\/uploads\/2025\/12\/Donde-el-saber-cruza-fronteras.zip-1-768x256.png 768w, https:\/\/escuelaconcentracion.com\/wp-content\/uploads\/2025\/12\/Donde-el-saber-cruza-fronteras.zip-1-1536x512.png 1536w, https:\/\/escuelaconcentracion.com\/wp-content\/uploads\/2025\/12\/Donde-el-saber-cruza-fronteras.zip-1-2048x683.png 2048w\" sizes=\"auto, (max-width: 1024px) 100vw, 1024px\" \/><\/figure>\n\n\n\n<div class=\"wp-block-group alignfull has-contrast-color has-text-color has-link-color wp-elements-5c7bc370ed9b970e8fd0d741796c2e49 is-layout-constrained wp-container-core-group-is-layout-23b1a4dc wp-block-group-is-layout-constrained\" style=\"padding-top:var(--wp--preset--spacing--30);padding-right:var(--wp--preset--spacing--30);padding-bottom:var(--wp--preset--spacing--30);padding-left:var(--wp--preset--spacing--30)\">\n<div class=\"wp-block-group alignwide is-content-justification-space-between is-layout-flex wp-container-core-group-is-layout-b585a4aa wp-block-group-is-layout-flex\">\n<p><\/p>\n<\/div>\n\n\n\n<h3 class=\"wp-block-heading\"><\/h3>\n\n\n\n<p>Bienvenidos al sitio web oficial de la&nbsp;Escuela de Concentraci\u00f3n Los Loros, establecimiento educacional perteneciente al Servicio Local de Educaci\u00f3n P\u00fablica, ubicado en la comuna de Tierra Amarilla, Regi\u00f3n de Atacama.<\/p>\n<\/div>\n\n\n\n<p> Nuestra escuela tiene como prop\u00f3sito entregar una educaci\u00f3n integral, inclusiva y de calidad, promoviendo el desarrollo acad\u00e9mico, val\u00f3rico y socioemocional de nuestros estudiantes, en un ambiente de respeto, participaci\u00f3n y sana convivencia escolar.<\/p>\n\n\n\n<p>A trav\u00e9s de esta plataforma, buscamos mantener informada a toda la comunidad educativa \u2014estudiantes, familias y funcionarios\u2014 sobre nuestras actividades, proyectos y procesos relevantes, fortaleciendo la comunicaci\u00f3n y el v\u00ednculo entre la escuela y su entorno.<\/p>\n\n\n\n<p>Los invitamos a recorrer nuestro sitio y a ser parte activa de nuestra comunidad educativa.<\/p>\n\n\n\n<figure class=\"wp-block-image size-large\"><img loading=\"lazy\" decoding=\"async\" width=\"1024\" height=\"770\" src=\"https:\/\/escuelaconcentracion.com\/wp-content\/uploads\/2025\/12\/Captura-de-pantalla-2025-12-11-a-las-21.55.43-1-1024x770.png\" alt=\"\" class=\"wp-image-32\" srcset=\"https:\/\/escuelaconcentracion.com\/wp-content\/uploads\/2025\/12\/Captura-de-pantalla-2025-12-11-a-las-21.55.43-1-1024x770.png 1024w, https:\/\/escuelaconcentracion.com\/wp-content\/uploads\/2025\/12\/Captura-de-pantalla-2025-12-11-a-las-21.55.43-1-300x225.png 300w, https:\/\/escuelaconcentracion.com\/wp-content\/uploads\/2025\/12\/Captura-de-pantalla-2025-12-11-a-las-21.55.43-1-768x577.png 768w, https:\/\/escuelaconcentracion.com\/wp-content\/uploads\/2025\/12\/Captura-de-pantalla-2025-12-11-a-las-21.55.43-1.png 1284w\" sizes=\"auto, (max-width: 1024px) 100vw, 1024px\" \/><\/figure>\n\n\n\n<p><\/p>\n","protected":false},"excerpt":{"rendered":"<p>Bienvenidos al sitio web oficial de la&nbsp;Escuela de Concentraci\u00f3n Los Loros, establecimiento educacional perteneciente al Servicio Local de Educaci\u00f3n P\u00fablica, ubicado en la comuna de Tierra Amarilla, Regi\u00f3n de Atacama. Nuestra escuela tiene como prop\u00f3sito entregar una educaci\u00f3n integral, inclusiva y de calidad, promoviendo el desarrollo acad\u00e9mico, val\u00f3rico y socioemocional de nuestros estudiantes, en un [&hellip;]<\/p>\n","protected":false},"author":1,"featured_media":0,"parent":0,"menu_order":0,"comment_status":"closed","ping_status":"closed","template":"","meta":{"footnotes":""},"class_list":["post-6","page","type-page","status-publish","hentry"],"blocksy_meta":[],"_hostinger_reach_plugin_has_subscription_block":false,"_hostinger_reach_plugin_is_elementor":false,"_links":{"self":[{"href":"https:\/\/escuelaconcentracion.com\/index.php?rest_route=\/wp\/v2\/pages\/6","targetHints":{"allow":["GET"]}}],"collection":[{"href":"https:\/\/escuelaconcentracion.com\/index.php?rest_route=\/wp\/v2\/pages"}],"about":[{"href":"https:\/\/escuelaconcentracion.com\/index.php?rest_route=\/wp\/v2\/types\/page"}],"author":[{"embeddable":true,"href":"https:\/\/escuelaconcentracion.com\/index.php?rest_route=\/wp\/v2\/users\/1"}],"replies":[{"embeddable":true,"href":"https:\/\/escuelaconcentracion.com\/index.php?rest_route=%2Fwp%2Fv2%2Fcomments&post=6"}],"version-history":[{"count":19,"href":"https:\/\/escuelaconcentracion.com\/index.php?rest_route=\/wp\/v2\/pages\/6\/revisions"}],"predecessor-version":[{"id":3426,"href":"https:\/\/escuelaconcentracion.com\/index.php?rest_route=\/wp\/v2\/pages\/6\/revisions\/3426"}],"wp:attachment":[{"href":"https:\/\/escuelaconcentracion.com\/index.php?rest_route=%2Fwp%2Fv2%2Fmedia&parent=6"}],"curies":[{"name":"wp","href":"https:\/\/api.w.org\/{rel}","templated":true}]}}