{"id":41,"date":"2025-12-27T18:23:36","date_gmt":"2025-12-27T21:23:36","guid":{"rendered":"https:\/\/escuelaconcentracion.com\/?page_id=41"},"modified":"2026-03-18T23:04:27","modified_gmt":"2026-03-19T02:04:27","slug":"cellos-educativos","status":"publish","type":"page","link":"https:\/\/escuelaconcentracion.com\/?page_id=41","title":{"rendered":"Sellos Educativos"},"content":{"rendered":"\n<p>FORMACI\u00d3N INTEGRAL:&nbsp;Promueve&nbsp;el&nbsp;desarrollo&nbsp;de las&nbsp;diferentes&nbsp;dimensiones&nbsp;del ser&nbsp;humano,&nbsp;formando personas&nbsp;\u00edntegras&nbsp;capaces&nbsp;de&nbsp;insertarse&nbsp;positivamente&nbsp;en la&nbsp;sociedad&nbsp;actual. Para&nbsp;ello&nbsp;incentiva&nbsp;actividades deportivas,&nbsp;sociales,&nbsp;culturales&nbsp;y&nbsp;art\u00edsticas&nbsp;que&nbsp;contribuyan&nbsp;a&nbsp;conseguir&nbsp;est\u00e1ndares&nbsp;acad\u00e9micos&nbsp;de excelencia&nbsp;en&nbsp;una&nbsp;escuela&nbsp;inclusiva&nbsp;e&nbsp;integradora&nbsp;que&nbsp;permita&nbsp;el&nbsp;aprendizaje&nbsp;de&nbsp;todos&nbsp;y&nbsp;todas.<\/p>\n\n\n\n<p>FORMACI\u00d3N DE LOS T\u00c9CNICOS PROFESIONALES:&nbsp;Brindar oportunidades&nbsp;de&nbsp;aprendizaje&nbsp;a&nbsp;todas&nbsp;y&nbsp;todos&nbsp;los&nbsp;estudiantes,&nbsp;fortaleciendo&nbsp;la adquisici\u00f3n&nbsp;de&nbsp;competencias&nbsp;para&nbsp;enfrentar&nbsp;los&nbsp;cambios&nbsp;tecnol\u00f3gicos&nbsp;y&nbsp;los requerimientos&nbsp;del sector&nbsp;productivo promoviendo&nbsp;la&nbsp;seguridad&nbsp;laboral,&nbsp;el respeto&nbsp;por&nbsp;su&nbsp;propia&nbsp;biograf\u00eda&nbsp;y&nbsp;su interacci\u00f3n&nbsp;con&nbsp;el&nbsp;entorno,&nbsp;como elementos&nbsp;diferenciadores&nbsp;de&nbsp;su formaci\u00f3n.<\/p>\n\n\n\n<p class=\"has-text-align-center\"><strong>Valores<\/strong><\/p>\n\n\n\n<ol class=\"wp-block-list\">\n<li>Responsabilidad.<\/li>\n\n\n\n<li>Respeto.<\/li>\n\n\n\n<li>Perseverancia.<\/li>\n\n\n\n<li>Honestidad.<\/li>\n<\/ol>\n\n\n\n<p class=\"has-text-align-center\"><strong>Competencias<\/strong><\/p>\n\n\n\n<ol class=\"wp-block-list\">\n<li>Conciencia y responsabilidad medio ambiental.<\/li>\n\n\n\n<li>Competencia Tecnologicas.<\/li>\n\n\n\n<li>Competencia de Seguridad y Salud Laboral.<\/li>\n\n\n\n<li>Competencia de Empleabilidad.<\/li>\n<\/ol>\n\n\n\n<figure class=\"wp-block-image aligncenter size-large is-resized\"><img loading=\"lazy\" decoding=\"async\" width=\"841\" height=\"1024\" src=\"https:\/\/escuelaconcentracion.com\/wp-content\/uploads\/2026\/03\/IMG_0709-841x1024.jpg\" alt=\"\" class=\"wp-image-3519\" style=\"aspect-ratio:0.6670046757929131;width:217px;height:auto\" srcset=\"https:\/\/escuelaconcentracion.com\/wp-content\/uploads\/2026\/03\/IMG_0709-841x1024.jpg 841w, https:\/\/escuelaconcentracion.com\/wp-content\/uploads\/2026\/03\/IMG_0709-246x300.jpg 246w, https:\/\/escuelaconcentracion.com\/wp-content\/uploads\/2026\/03\/IMG_0709-768x935.jpg 768w, https:\/\/escuelaconcentracion.com\/wp-content\/uploads\/2026\/03\/IMG_0709.jpg 858w\" sizes=\"auto, (max-width: 841px) 100vw, 841px\" \/><figcaption class=\"wp-element-caption\">Screenshot<\/figcaption><\/figure>\n","protected":false},"excerpt":{"rendered":"<p>FORMACI\u00d3N INTEGRAL:&nbsp;Promueve&nbsp;el&nbsp;desarrollo&nbsp;de las&nbsp;diferentes&nbsp;dimensiones&nbsp;del ser&nbsp;humano,&nbsp;formando personas&nbsp;\u00edntegras&nbsp;capaces&nbsp;de&nbsp;insertarse&nbsp;positivamente&nbsp;en la&nbsp;sociedad&nbsp;actual. Para&nbsp;ello&nbsp;incentiva&nbsp;actividades deportivas,&nbsp;sociales,&nbsp;culturales&nbsp;y&nbsp;art\u00edsticas&nbsp;que&nbsp;contribuyan&nbsp;a&nbsp;conseguir&nbsp;est\u00e1ndares&nbsp;acad\u00e9micos&nbsp;de excelencia&nbsp;en&nbsp;una&nbsp;escuela&nbsp;inclusiva&nbsp;e&nbsp;integradora&nbsp;que&nbsp;permita&nbsp;el&nbsp;aprendizaje&nbsp;de&nbsp;todos&nbsp;y&nbsp;todas. FORMACI\u00d3N DE LOS T\u00c9CNICOS PROFESIONALES:&nbsp;Brindar oportunidades&nbsp;de&nbsp;aprendizaje&nbsp;a&nbsp;todas&nbsp;y&nbsp;todos&nbsp;los&nbsp;estudiantes,&nbsp;fortaleciendo&nbsp;la adquisici\u00f3n&nbsp;de&nbsp;competencias&nbsp;para&nbsp;enfrentar&nbsp;los&nbsp;cambios&nbsp;tecnol\u00f3gicos&nbsp;y&nbsp;los requerimientos&nbsp;del sector&nbsp;productivo promoviendo&nbsp;la&nbsp;seguridad&nbsp;laboral,&nbsp;el respeto&nbsp;por&nbsp;su&nbsp;propia&nbsp;biograf\u00eda&nbsp;y&nbsp;su interacci\u00f3n&nbsp;con&nbsp;el&nbsp;entorno,&nbsp;como elementos&nbsp;diferenciadores&nbsp;de&nbsp;su formaci\u00f3n. Valores Competencias<\/p>\n","protected":false},"author":1,"featured_media":0,"parent":0,"menu_order":0,"comment_status":"closed","ping_status":"closed","template":"","meta":{"footnotes":""},"class_list":["post-41","page","type-page","status-publish","hentry"],"blocksy_meta":[],"_hostinger_reach_plugin_has_subscription_block":false,"_hostinger_reach_plugin_is_elementor":false,"_links":{"self":[{"href":"https:\/\/escuelaconcentracion.com\/index.php?rest_route=\/wp\/v2\/pages\/41","targetHints":{"allow":["GET"]}}],"collection":[{"href":"https:\/\/escuelaconcentracion.com\/index.php?rest_route=\/wp\/v2\/pages"}],"about":[{"href":"https:\/\/escuelaconcentracion.com\/index.php?rest_route=\/wp\/v2\/types\/page"}],"author":[{"embeddable":true,"href":"https:\/\/escuelaconcentracion.com\/index.php?rest_route=\/wp\/v2\/users\/1"}],"replies":[{"embeddable":true,"href":"https:\/\/escuelaconcentracion.com\/index.php?rest_route=%2Fwp%2Fv2%2Fcomments&post=41"}],"version-history":[{"count":8,"href":"https:\/\/escuelaconcentracion.com\/index.php?rest_route=\/wp\/v2\/pages\/41\/revisions"}],"predecessor-version":[{"id":3521,"href":"https:\/\/escuelaconcentracion.com\/index.php?rest_route=\/wp\/v2\/pages\/41\/revisions\/3521"}],"wp:attachment":[{"href":"https:\/\/escuelaconcentracion.com\/index.php?rest_route=%2Fwp%2Fv2%2Fmedia&parent=41"}],"curies":[{"name":"wp","href":"https:\/\/api.w.org\/{rel}","templated":true}]}}