{"id":37,"date":"2025-12-27T18:22:43","date_gmt":"2025-12-27T21:22:43","guid":{"rendered":"https:\/\/escuelaconcentracion.com\/?page_id=37"},"modified":"2025-12-30T10:49:07","modified_gmt":"2025-12-30T13:49:07","slug":"vision","status":"publish","type":"page","link":"https:\/\/escuelaconcentracion.com\/?page_id=37","title":{"rendered":"Visi\u00f2n"},"content":{"rendered":"\n<p><\/p>\n\n\n\n<div class=\"wp-block-media-text is-stacked-on-mobile\"><figure class=\"wp-block-media-text__media\"><img loading=\"lazy\" decoding=\"async\" width=\"1024\" height=\"887\" src=\"https:\/\/escuelaconcentracion.com\/wp-content\/uploads\/2025\/12\/Imagen-1-1024x887.png\" alt=\"\" class=\"wp-image-83 size-full\" srcset=\"https:\/\/escuelaconcentracion.com\/wp-content\/uploads\/2025\/12\/Imagen-1-1024x887.png 1024w, https:\/\/escuelaconcentracion.com\/wp-content\/uploads\/2025\/12\/Imagen-1-300x260.png 300w, https:\/\/escuelaconcentracion.com\/wp-content\/uploads\/2025\/12\/Imagen-1-768x665.png 768w, https:\/\/escuelaconcentracion.com\/wp-content\/uploads\/2025\/12\/Imagen-1-1536x1330.png 1536w, https:\/\/escuelaconcentracion.com\/wp-content\/uploads\/2025\/12\/Imagen-1-2048x1774.png 2048w\" sizes=\"auto, (max-width: 1024px) 100vw, 1024px\" \/><\/figure><div class=\"wp-block-media-text__content\">\n<p><\/p>\n\n\n\n<p>Ser un&nbsp;Establecimiento&nbsp;que&nbsp;fortalezca trayectorias&nbsp;educativas,&nbsp;asegurando&nbsp;con&nbsp;ello continuidad,&nbsp;progresi\u00f3n&nbsp;y&nbsp;calidad&nbsp;en&nbsp;los aprendizajes&nbsp;de&nbsp;todos&nbsp;los&nbsp;estudiantes&nbsp;para&nbsp;una efectiva&nbsp;integraci\u00f3n&nbsp;del&nbsp;proceso&nbsp;acad\u00e9mico&nbsp;y la&nbsp;formaci\u00f3n&nbsp;T\u00e9cnico&nbsp;Profesional.<\/p>\n<\/div><\/div>\n\n\n\n<p><\/p>\n","protected":false},"excerpt":{"rendered":"<p>Ser un&nbsp;Establecimiento&nbsp;que&nbsp;fortalezca trayectorias&nbsp;educativas,&nbsp;asegurando&nbsp;con&nbsp;ello continuidad,&nbsp;progresi\u00f3n&nbsp;y&nbsp;calidad&nbsp;en&nbsp;los aprendizajes&nbsp;de&nbsp;todos&nbsp;los&nbsp;estudiantes&nbsp;para&nbsp;una efectiva&nbsp;integraci\u00f3n&nbsp;del&nbsp;proceso&nbsp;acad\u00e9mico&nbsp;y la&nbsp;formaci\u00f3n&nbsp;T\u00e9cnico&nbsp;Profesional.<\/p>\n","protected":false},"author":1,"featured_media":0,"parent":0,"menu_order":0,"comment_status":"closed","ping_status":"closed","template":"","meta":{"footnotes":""},"class_list":["post-37","page","type-page","status-publish","hentry"],"blocksy_meta":[],"_hostinger_reach_plugin_has_subscription_block":false,"_hostinger_reach_plugin_is_elementor":false,"_links":{"self":[{"href":"https:\/\/escuelaconcentracion.com\/index.php?rest_route=\/wp\/v2\/pages\/37","targetHints":{"allow":["GET"]}}],"collection":[{"href":"https:\/\/escuelaconcentracion.com\/index.php?rest_route=\/wp\/v2\/pages"}],"about":[{"href":"https:\/\/escuelaconcentracion.com\/index.php?rest_route=\/wp\/v2\/types\/page"}],"author":[{"embeddable":true,"href":"https:\/\/escuelaconcentracion.com\/index.php?rest_route=\/wp\/v2\/users\/1"}],"replies":[{"embeddable":true,"href":"https:\/\/escuelaconcentracion.com\/index.php?rest_route=%2Fwp%2Fv2%2Fcomments&post=37"}],"version-history":[{"count":4,"href":"https:\/\/escuelaconcentracion.com\/index.php?rest_route=\/wp\/v2\/pages\/37\/revisions"}],"predecessor-version":[{"id":3392,"href":"https:\/\/escuelaconcentracion.com\/index.php?rest_route=\/wp\/v2\/pages\/37\/revisions\/3392"}],"wp:attachment":[{"href":"https:\/\/escuelaconcentracion.com\/index.php?rest_route=%2Fwp%2Fv2%2Fmedia&parent=37"}],"curies":[{"name":"wp","href":"https:\/\/api.w.org\/{rel}","templated":true}]}}