{"id":16,"date":"2025-12-27T17:46:34","date_gmt":"2025-12-27T20:46:34","guid":{"rendered":"https:\/\/escuelaconcentracion.com\/?page_id=16"},"modified":"2025-12-28T20:24:45","modified_gmt":"2025-12-28T23:24:45","slug":"noticias","status":"publish","type":"page","link":"https:\/\/escuelaconcentracion.com\/?page_id=16","title":{"rendered":"Noticias"},"content":{"rendered":"\n<div class=\"wp-block-query is-layout-flow wp-block-query-is-layout-flow\"><ul class=\"wp-block-post-template is-layout-flow wp-block-post-template-is-layout-flow\"><li class=\"wp-block-post post-3522 post type-post status-publish format-standard hentry category-sin-categoria\">\n\n<div class=\"wp-block-columns are-vertically-aligned-center is-layout-flex wp-container-core-columns-is-layout-28f84493 wp-block-columns-is-layout-flex\">\n<div class=\"wp-block-column is-vertically-aligned-center is-layout-flow wp-block-column-is-layout-flow\" style=\"flex-basis:25%\"><\/div>\n\n\n\n<div class=\"wp-block-column is-vertically-aligned-center is-layout-flow wp-block-column-is-layout-flow\" style=\"flex-basis:75%\"><h2 class=\"wp-block-post-title\"><a href=\"https:\/\/escuelaconcentracion.com\/?p=3522\" target=\"_self\" >videos<\/a><\/h2><\/div>\n<\/div>\n\n<\/li><li class=\"wp-block-post post-3471 post type-post status-publish format-standard has-post-thumbnail hentry category-noticias\">\n\n<div class=\"wp-block-columns are-vertically-aligned-center is-layout-flex wp-container-core-columns-is-layout-28f84493 wp-block-columns-is-layout-flex\">\n<div class=\"wp-block-column is-vertically-aligned-center is-layout-flow wp-block-column-is-layout-flow\" style=\"flex-basis:25%\"><figure class=\"wp-block-post-featured-image\"><a href=\"https:\/\/escuelaconcentracion.com\/?p=3471\" target=\"_self\"  ><img loading=\"lazy\" decoding=\"async\" width=\"1600\" height=\"1200\" src=\"https:\/\/escuelaconcentracion.com\/wp-content\/uploads\/2026\/03\/IMG_0673-2.jpg\" class=\"attachment-post-thumbnail size-post-thumbnail wp-post-image\" alt=\"Inicio del A\u00f1o Escolar\" style=\"object-fit:cover;\" srcset=\"https:\/\/escuelaconcentracion.com\/wp-content\/uploads\/2026\/03\/IMG_0673-2.jpg 1600w, https:\/\/escuelaconcentracion.com\/wp-content\/uploads\/2026\/03\/IMG_0673-2-300x225.jpg 300w, https:\/\/escuelaconcentracion.com\/wp-content\/uploads\/2026\/03\/IMG_0673-2-1024x768.jpg 1024w, https:\/\/escuelaconcentracion.com\/wp-content\/uploads\/2026\/03\/IMG_0673-2-768x576.jpg 768w, https:\/\/escuelaconcentracion.com\/wp-content\/uploads\/2026\/03\/IMG_0673-2-1536x1152.jpg 1536w\" sizes=\"auto, (max-width: 1600px) 100vw, 1600px\" \/><\/a><\/figure><\/div>\n\n\n\n<div class=\"wp-block-column is-vertically-aligned-center is-layout-flow wp-block-column-is-layout-flow\" style=\"flex-basis:75%\"><h2 class=\"wp-block-post-title\"><a href=\"https:\/\/escuelaconcentracion.com\/?p=3471\" target=\"_self\" >Inicio del A\u00f1o Escolar<\/a><\/h2><\/div>\n<\/div>\n\n<\/li><li class=\"wp-block-post post-172 post type-post status-publish format-standard has-post-thumbnail hentry category-comunidad-educativa\">\n\n<div class=\"wp-block-columns are-vertically-aligned-center is-layout-flex wp-container-core-columns-is-layout-28f84493 wp-block-columns-is-layout-flex\">\n<div class=\"wp-block-column is-vertically-aligned-center is-layout-flow wp-block-column-is-layout-flow\" style=\"flex-basis:25%\"><figure class=\"wp-block-post-featured-image\"><a href=\"https:\/\/escuelaconcentracion.com\/?p=172\" target=\"_self\"  ><img loading=\"lazy\" decoding=\"async\" width=\"2560\" height=\"1920\" src=\"https:\/\/escuelaconcentracion.com\/wp-content\/uploads\/2025\/12\/IMG_3249-2-1-scaled.jpg\" class=\"attachment-post-thumbnail size-post-thumbnail wp-post-image\" alt=\"Finalizaci\u00f3n del a\u00f1o escolar \u201cJornada de reflexi\u00f3n\u201d.\" style=\"object-fit:cover;\" srcset=\"https:\/\/escuelaconcentracion.com\/wp-content\/uploads\/2025\/12\/IMG_3249-2-1-scaled.jpg 2560w, https:\/\/escuelaconcentracion.com\/wp-content\/uploads\/2025\/12\/IMG_3249-2-1-300x225.jpg 300w, https:\/\/escuelaconcentracion.com\/wp-content\/uploads\/2025\/12\/IMG_3249-2-1-1024x768.jpg 1024w, https:\/\/escuelaconcentracion.com\/wp-content\/uploads\/2025\/12\/IMG_3249-2-1-768x576.jpg 768w, https:\/\/escuelaconcentracion.com\/wp-content\/uploads\/2025\/12\/IMG_3249-2-1-1536x1152.jpg 1536w, https:\/\/escuelaconcentracion.com\/wp-content\/uploads\/2025\/12\/IMG_3249-2-1-2048x1536.jpg 2048w\" sizes=\"auto, (max-width: 2560px) 100vw, 2560px\" \/><\/a><\/figure><\/div>\n\n\n\n<div class=\"wp-block-column is-vertically-aligned-center is-layout-flow wp-block-column-is-layout-flow\" style=\"flex-basis:75%\"><h2 class=\"wp-block-post-title\"><a href=\"https:\/\/escuelaconcentracion.com\/?p=172\" target=\"_self\" >Finalizaci\u00f3n del a\u00f1o escolar \u201cJornada de reflexi\u00f3n\u201d.<\/a><\/h2><\/div>\n<\/div>\n\n<\/li><li class=\"wp-block-post post-141 post type-post status-publish format-standard has-post-thumbnail hentry category-comunidad-educativa\">\n\n<div class=\"wp-block-columns are-vertically-aligned-center is-layout-flex wp-container-core-columns-is-layout-28f84493 wp-block-columns-is-layout-flex\">\n<div class=\"wp-block-column is-vertically-aligned-center is-layout-flow wp-block-column-is-layout-flow\" style=\"flex-basis:25%\"><figure class=\"wp-block-post-featured-image\"><a href=\"https:\/\/escuelaconcentracion.com\/?p=141\" target=\"_self\"  ><img loading=\"lazy\" decoding=\"async\" width=\"1600\" height=\"1200\" src=\"https:\/\/escuelaconcentracion.com\/wp-content\/uploads\/2025\/12\/be4cfb59-4102-4569-9450-cd068ef6ae50.jpg\" class=\"attachment-post-thumbnail size-post-thumbnail wp-post-image\" alt=\"Emotiva ceremonia de licenciatura de Pre B\u00e1sica, Octavo B\u00e1sico y Cuartos Medios\" style=\"object-fit:cover;\" srcset=\"https:\/\/escuelaconcentracion.com\/wp-content\/uploads\/2025\/12\/be4cfb59-4102-4569-9450-cd068ef6ae50.jpg 1600w, https:\/\/escuelaconcentracion.com\/wp-content\/uploads\/2025\/12\/be4cfb59-4102-4569-9450-cd068ef6ae50-300x225.jpg 300w, https:\/\/escuelaconcentracion.com\/wp-content\/uploads\/2025\/12\/be4cfb59-4102-4569-9450-cd068ef6ae50-1024x768.jpg 1024w, https:\/\/escuelaconcentracion.com\/wp-content\/uploads\/2025\/12\/be4cfb59-4102-4569-9450-cd068ef6ae50-768x576.jpg 768w, https:\/\/escuelaconcentracion.com\/wp-content\/uploads\/2025\/12\/be4cfb59-4102-4569-9450-cd068ef6ae50-1536x1152.jpg 1536w\" sizes=\"auto, (max-width: 1600px) 100vw, 1600px\" \/><\/a><\/figure><\/div>\n\n\n\n<div class=\"wp-block-column is-vertically-aligned-center is-layout-flow wp-block-column-is-layout-flow\" style=\"flex-basis:75%\"><h2 class=\"wp-block-post-title\"><a href=\"https:\/\/escuelaconcentracion.com\/?p=141\" target=\"_self\" >Emotiva ceremonia de licenciatura de Pre B\u00e1sica, Octavo B\u00e1sico y Cuartos Medios<\/a><\/h2><\/div>\n<\/div>\n\n<\/li><li class=\"wp-block-post post-139 post type-post status-publish format-standard has-post-thumbnail hentry category-comunidad-educativa category-noticias\">\n\n<div class=\"wp-block-columns are-vertically-aligned-center is-layout-flex wp-container-core-columns-is-layout-28f84493 wp-block-columns-is-layout-flex\">\n<div class=\"wp-block-column is-vertically-aligned-center is-layout-flow wp-block-column-is-layout-flow\" style=\"flex-basis:25%\"><figure class=\"wp-block-post-featured-image\"><a href=\"https:\/\/escuelaconcentracion.com\/?p=139\" target=\"_self\"  ><img loading=\"lazy\" decoding=\"async\" width=\"1006\" height=\"1206\" src=\"https:\/\/escuelaconcentracion.com\/wp-content\/uploads\/2025\/12\/IMG_0123-1.png\" class=\"attachment-post-thumbnail size-post-thumbnail wp-post-image\" alt=\"Jornada de matr\u00edcula se desarroll\u00f3 de manera expedita en nuestro establecimiento\" style=\"object-fit:cover;\" srcset=\"https:\/\/escuelaconcentracion.com\/wp-content\/uploads\/2025\/12\/IMG_0123-1.png 1006w, https:\/\/escuelaconcentracion.com\/wp-content\/uploads\/2025\/12\/IMG_0123-1-250x300.png 250w, https:\/\/escuelaconcentracion.com\/wp-content\/uploads\/2025\/12\/IMG_0123-1-854x1024.png 854w, https:\/\/escuelaconcentracion.com\/wp-content\/uploads\/2025\/12\/IMG_0123-1-768x921.png 768w\" sizes=\"auto, (max-width: 1006px) 100vw, 1006px\" \/><\/a><\/figure><\/div>\n\n\n\n<div class=\"wp-block-column is-vertically-aligned-center is-layout-flow wp-block-column-is-layout-flow\" style=\"flex-basis:75%\"><h2 class=\"wp-block-post-title\"><a href=\"https:\/\/escuelaconcentracion.com\/?p=139\" target=\"_self\" >Jornada de matr\u00edcula se desarroll\u00f3 de manera expedita en nuestro establecimiento<\/a><\/h2><\/div>\n<\/div>\n\n<\/li><li class=\"wp-block-post post-130 post type-post status-publish format-standard has-post-thumbnail hentry category-comunidad-educativa category-social\">\n\n<div class=\"wp-block-columns are-vertically-aligned-center is-layout-flex wp-container-core-columns-is-layout-28f84493 wp-block-columns-is-layout-flex\">\n<div class=\"wp-block-column is-vertically-aligned-center is-layout-flow wp-block-column-is-layout-flow\" style=\"flex-basis:25%\"><figure class=\"wp-block-post-featured-image\"><a href=\"https:\/\/escuelaconcentracion.com\/?p=130\" target=\"_self\"  ><img loading=\"lazy\" decoding=\"async\" width=\"1600\" height=\"1200\" src=\"https:\/\/escuelaconcentracion.com\/wp-content\/uploads\/2025\/12\/b3e112eb-55ef-4123-aa1a-b9bc42eeee81.jpg\" class=\"attachment-post-thumbnail size-post-thumbnail wp-post-image\" alt=\"Caserones celebr\u00f3 la Navidad junto a los ni\u00f1os y ni\u00f1as de la localidad\" style=\"object-fit:cover;\" srcset=\"https:\/\/escuelaconcentracion.com\/wp-content\/uploads\/2025\/12\/b3e112eb-55ef-4123-aa1a-b9bc42eeee81.jpg 1600w, https:\/\/escuelaconcentracion.com\/wp-content\/uploads\/2025\/12\/b3e112eb-55ef-4123-aa1a-b9bc42eeee81-300x225.jpg 300w, https:\/\/escuelaconcentracion.com\/wp-content\/uploads\/2025\/12\/b3e112eb-55ef-4123-aa1a-b9bc42eeee81-1024x768.jpg 1024w, https:\/\/escuelaconcentracion.com\/wp-content\/uploads\/2025\/12\/b3e112eb-55ef-4123-aa1a-b9bc42eeee81-768x576.jpg 768w, https:\/\/escuelaconcentracion.com\/wp-content\/uploads\/2025\/12\/b3e112eb-55ef-4123-aa1a-b9bc42eeee81-1536x1152.jpg 1536w\" sizes=\"auto, (max-width: 1600px) 100vw, 1600px\" \/><\/a><\/figure><\/div>\n\n\n\n<div class=\"wp-block-column is-vertically-aligned-center is-layout-flow wp-block-column-is-layout-flow\" style=\"flex-basis:75%\"><h2 class=\"wp-block-post-title\"><a href=\"https:\/\/escuelaconcentracion.com\/?p=130\" target=\"_self\" >Caserones celebr\u00f3 la Navidad junto a los ni\u00f1os y ni\u00f1as de la localidad<\/a><\/h2><\/div>\n<\/div>\n\n<\/li><li class=\"wp-block-post post-123 post type-post status-publish format-standard has-post-thumbnail hentry category-deportes\">\n\n<div class=\"wp-block-columns are-vertically-aligned-center is-layout-flex wp-container-core-columns-is-layout-28f84493 wp-block-columns-is-layout-flex\">\n<div class=\"wp-block-column is-vertically-aligned-center is-layout-flow wp-block-column-is-layout-flow\" style=\"flex-basis:25%\"><figure class=\"wp-block-post-featured-image\"><a href=\"https:\/\/escuelaconcentracion.com\/?p=123\" target=\"_self\"  ><img loading=\"lazy\" decoding=\"async\" width=\"1600\" height=\"1200\" src=\"https:\/\/escuelaconcentracion.com\/wp-content\/uploads\/2025\/12\/58cedb23-eb15-4dd2-9267-3048cdeb5487.jpg\" class=\"attachment-post-thumbnail size-post-thumbnail wp-post-image\" alt=\"Deportistas regionales inspiran a nuestros estudiantes en actividad realizada en Caserones\" style=\"object-fit:cover;\" srcset=\"https:\/\/escuelaconcentracion.com\/wp-content\/uploads\/2025\/12\/58cedb23-eb15-4dd2-9267-3048cdeb5487.jpg 1600w, https:\/\/escuelaconcentracion.com\/wp-content\/uploads\/2025\/12\/58cedb23-eb15-4dd2-9267-3048cdeb5487-300x225.jpg 300w, https:\/\/escuelaconcentracion.com\/wp-content\/uploads\/2025\/12\/58cedb23-eb15-4dd2-9267-3048cdeb5487-1024x768.jpg 1024w, https:\/\/escuelaconcentracion.com\/wp-content\/uploads\/2025\/12\/58cedb23-eb15-4dd2-9267-3048cdeb5487-768x576.jpg 768w, https:\/\/escuelaconcentracion.com\/wp-content\/uploads\/2025\/12\/58cedb23-eb15-4dd2-9267-3048cdeb5487-1536x1152.jpg 1536w\" sizes=\"auto, (max-width: 1600px) 100vw, 1600px\" \/><\/a><\/figure><\/div>\n\n\n\n<div class=\"wp-block-column is-vertically-aligned-center is-layout-flow wp-block-column-is-layout-flow\" style=\"flex-basis:75%\"><h2 class=\"wp-block-post-title\"><a href=\"https:\/\/escuelaconcentracion.com\/?p=123\" target=\"_self\" >Deportistas regionales inspiran a nuestros estudiantes en actividad realizada en Caserones<\/a><\/h2><\/div>\n<\/div>\n\n<\/li><li class=\"wp-block-post post-109 post type-post status-publish format-standard has-post-thumbnail hentry category-comunidad-educativa category-noticias category-social\">\n\n<div class=\"wp-block-columns are-vertically-aligned-center is-layout-flex wp-container-core-columns-is-layout-28f84493 wp-block-columns-is-layout-flex\">\n<div class=\"wp-block-column is-vertically-aligned-center is-layout-flow wp-block-column-is-layout-flow\" style=\"flex-basis:25%\"><figure class=\"wp-block-post-featured-image\"><a href=\"https:\/\/escuelaconcentracion.com\/?p=109\" target=\"_self\"  ><img loading=\"lazy\" decoding=\"async\" width=\"960\" height=\"1280\" src=\"https:\/\/escuelaconcentracion.com\/wp-content\/uploads\/2025\/12\/IMG_0064.jpg\" class=\"attachment-post-thumbnail size-post-thumbnail wp-post-image\" alt=\"La escuela particip\u00f3 en la conmemoraci\u00f3n de la comuna de Tierra Amarilla\" style=\"object-fit:cover;\" srcset=\"https:\/\/escuelaconcentracion.com\/wp-content\/uploads\/2025\/12\/IMG_0064.jpg 960w, https:\/\/escuelaconcentracion.com\/wp-content\/uploads\/2025\/12\/IMG_0064-225x300.jpg 225w, https:\/\/escuelaconcentracion.com\/wp-content\/uploads\/2025\/12\/IMG_0064-768x1024.jpg 768w\" sizes=\"auto, (max-width: 960px) 100vw, 960px\" \/><\/a><\/figure><\/div>\n\n\n\n<div class=\"wp-block-column is-vertically-aligned-center is-layout-flow wp-block-column-is-layout-flow\" style=\"flex-basis:75%\"><h2 class=\"wp-block-post-title\"><a href=\"https:\/\/escuelaconcentracion.com\/?p=109\" target=\"_self\" >La escuela particip\u00f3 en la conmemoraci\u00f3n de la comuna de Tierra Amarilla<\/a><\/h2><\/div>\n<\/div>\n\n<\/li><\/ul><\/div>\n","protected":false},"excerpt":{"rendered":"","protected":false},"author":1,"featured_media":0,"parent":0,"menu_order":0,"comment_status":"closed","ping_status":"closed","template":"","meta":{"footnotes":""},"class_list":["post-16","page","type-page","status-publish","hentry"],"blocksy_meta":[],"_hostinger_reach_plugin_has_subscription_block":false,"_hostinger_reach_plugin_is_elementor":false,"_links":{"self":[{"href":"https:\/\/escuelaconcentracion.com\/index.php?rest_route=\/wp\/v2\/pages\/16","targetHints":{"allow":["GET"]}}],"collection":[{"href":"https:\/\/escuelaconcentracion.com\/index.php?rest_route=\/wp\/v2\/pages"}],"about":[{"href":"https:\/\/escuelaconcentracion.com\/index.php?rest_route=\/wp\/v2\/types\/page"}],"author":[{"embeddable":true,"href":"https:\/\/escuelaconcentracion.com\/index.php?rest_route=\/wp\/v2\/users\/1"}],"replies":[{"embeddable":true,"href":"https:\/\/escuelaconcentracion.com\/index.php?rest_route=%2Fwp%2Fv2%2Fcomments&post=16"}],"version-history":[{"count":4,"href":"https:\/\/escuelaconcentracion.com\/index.php?rest_route=\/wp\/v2\/pages\/16\/revisions"}],"predecessor-version":[{"id":3363,"href":"https:\/\/escuelaconcentracion.com\/index.php?rest_route=\/wp\/v2\/pages\/16\/revisions\/3363"}],"wp:attachment":[{"href":"https:\/\/escuelaconcentracion.com\/index.php?rest_route=%2Fwp%2Fv2%2Fmedia&parent=16"}],"curies":[{"name":"wp","href":"https:\/\/api.w.org\/{rel}","templated":true}]}}