{"id":14,"date":"2025-12-27T17:47:17","date_gmt":"2025-12-27T20:47:17","guid":{"rendered":"https:\/\/escuelaconcentracion.com\/?page_id=14"},"modified":"2026-01-01T23:10:54","modified_gmt":"2026-01-02T02:10:54","slug":"reglamento-interno","status":"publish","type":"page","link":"https:\/\/escuelaconcentracion.com\/?page_id=14","title":{"rendered":"Reglamento Interno"},"content":{"rendered":"\n<p>El&nbsp;Reglamento Interno&nbsp;de la Escuela de Concentraci\u00f3n Los Loros es un documento oficial que establece las normas, derechos y deberes que regulan la convivencia escolar de todos los integrantes de la comunidad educativa: estudiantes, docentes, asistentes de la educaci\u00f3n, apoderados y equipo directivo.<\/p>\n\n\n\n<p>Su objetivo principal es&nbsp;promover un ambiente de respeto, responsabilidad, inclusi\u00f3n y sana convivencia, favoreciendo el desarrollo integral de los estudiantes y el cumplimiento de los principios formativos de la instituci\u00f3n, en concordancia con la normativa vigente del sistema educativo chileno.<\/p>\n\n\n\n<p>En este reglamento se abordan aspectos como:<\/p>\n\n\n\n<ul class=\"wp-block-list\">\n<li>Normas de convivencia y comportamiento.<\/li>\n\n\n\n<li>Derechos y deberes de los estudiantes y apoderados.<\/li>\n\n\n\n<li>Procedimientos formativos y medidas disciplinarias.<\/li>\n\n\n\n<li>Protocolos de actuaci\u00f3n frente a distintas situaciones.<\/li>\n\n\n\n<li>Lineamientos para una convivencia escolar segura y respetuosa.<\/li>\n<\/ul>\n\n\n\n<p>Invitamos a toda la comunidad educativa a&nbsp;leer, conocer y respetar este reglamento, ya que su cumplimiento es fundamental para fortalecer una cultura escolar basada en el di\u00e1logo, la participaci\u00f3n y el bienestar com\u00fan.<\/p>\n\n\n\n<div data-wp-interactive=\"core\/file\" class=\"wp-block-file\"><object data-wp-bind--hidden=\"!state.hasPdfPreview\" hidden class=\"wp-block-file__embed\" data=\"https:\/\/escuelaconcentracion.com\/wp-content\/uploads\/2026\/01\/Reglamento-Interno-de-Convivencia-Escolar-RICE-2025.pdf\" type=\"application\/pdf\" style=\"width:100%;height:600px\" aria-label=\"Incrustado de Reglamento Interno de Convivencia Escolar (RICE) 2025.\"><\/object><a id=\"wp-block-file--media-ea2ba8e9-f696-41c7-8a9d-b1b4e727371d\" href=\"https:\/\/escuelaconcentracion.com\/wp-content\/uploads\/2026\/01\/Reglamento-Interno-de-Convivencia-Escolar-RICE-2025.pdf\">Reglamento Interno de Convivencia Escolar (RICE) 2025<\/a><a href=\"https:\/\/escuelaconcentracion.com\/wp-content\/uploads\/2026\/01\/Reglamento-Interno-de-Convivencia-Escolar-RICE-2025.pdf\" class=\"wp-block-file__button wp-element-button\" download aria-describedby=\"wp-block-file--media-ea2ba8e9-f696-41c7-8a9d-b1b4e727371d\">Descargar<\/a><\/div>\n","protected":false},"excerpt":{"rendered":"<p>El&nbsp;Reglamento Interno&nbsp;de la Escuela de Concentraci\u00f3n Los Loros es un documento oficial que establece las normas, derechos y deberes que regulan la convivencia escolar de todos los integrantes de la comunidad educativa: estudiantes, docentes, asistentes de la educaci\u00f3n, apoderados y equipo directivo. Su objetivo principal es&nbsp;promover un ambiente de respeto, responsabilidad, inclusi\u00f3n y sana convivencia, [&hellip;]<\/p>\n","protected":false},"author":1,"featured_media":0,"parent":0,"menu_order":0,"comment_status":"closed","ping_status":"closed","template":"","meta":{"footnotes":""},"class_list":["post-14","page","type-page","status-publish","hentry"],"blocksy_meta":[],"_hostinger_reach_plugin_has_subscription_block":false,"_hostinger_reach_plugin_is_elementor":false,"_links":{"self":[{"href":"https:\/\/escuelaconcentracion.com\/index.php?rest_route=\/wp\/v2\/pages\/14","targetHints":{"allow":["GET"]}}],"collection":[{"href":"https:\/\/escuelaconcentracion.com\/index.php?rest_route=\/wp\/v2\/pages"}],"about":[{"href":"https:\/\/escuelaconcentracion.com\/index.php?rest_route=\/wp\/v2\/types\/page"}],"author":[{"embeddable":true,"href":"https:\/\/escuelaconcentracion.com\/index.php?rest_route=\/wp\/v2\/users\/1"}],"replies":[{"embeddable":true,"href":"https:\/\/escuelaconcentracion.com\/index.php?rest_route=%2Fwp%2Fv2%2Fcomments&post=14"}],"version-history":[{"count":5,"href":"https:\/\/escuelaconcentracion.com\/index.php?rest_route=\/wp\/v2\/pages\/14\/revisions"}],"predecessor-version":[{"id":3406,"href":"https:\/\/escuelaconcentracion.com\/index.php?rest_route=\/wp\/v2\/pages\/14\/revisions\/3406"}],"wp:attachment":[{"href":"https:\/\/escuelaconcentracion.com\/index.php?rest_route=%2Fwp%2Fv2%2Fmedia&parent=14"}],"curies":[{"name":"wp","href":"https:\/\/api.w.org\/{rel}","templated":true}]}}