{"id":10,"date":"2025-12-27T17:46:59","date_gmt":"2025-12-27T20:46:59","guid":{"rendered":"https:\/\/escuelaconcentracion.com\/?page_id=10"},"modified":"2025-12-30T10:29:16","modified_gmt":"2025-12-30T13:29:16","slug":"proyecto-educativo","status":"publish","type":"page","link":"https:\/\/escuelaconcentracion.com\/?page_id=10","title":{"rendered":"Proyecto Educativo"},"content":{"rendered":"\n<h2 class=\"wp-block-heading\">Proyecto Educativo Institucional (PEI)<\/h2>\n\n\n\n<p id=\"proyecto-educativo\">La Escuela busca ser una instituci\u00f3n con alta calidad acad\u00e9mica y val\u00f3rica, a partir de un equipo profesional y administrativo competente, en formaci\u00f3n continua y permanente; capaz de formar integralmente a alumnos y alumnas identificados con su escuela y su entorno. Entreg\u00e1ndoles, mediante el logro de los objetivos de aprendizaje transversales, competencias y conocimientos en los distintos niveles de ense\u00f1anza, las herramientas humanistas y t\u00e9cnico profesionales, que les permitan sentirse felices y mejorar su calidad de vida, incorpor\u00e1ndose positivamente en la construcci\u00f3n de la sociedad de su tiempo, de su regi\u00f3n y comuna.<\/p>\n\n\n\n<p id=\"proyecto-educativo\">La Escuela, con alta identidad local, busca ser una instituci\u00f3n formativa inclusiva que atiende las necesidades de desarrollo personal y educativo de todos los alumnos y alumnas de la comunidad de Los Loros y El Valle, form\u00e1ndolos integralmente en todos los niveles de ense\u00f1anza y en su formaci\u00f3n t\u00e9cnico profesional, a trav\u00e9s de una educaci\u00f3n de calidad.<\/p>\n\n\n\n<h2 class=\"wp-block-heading\">Enfoque educativo<\/h2>\n\n\n\n<p>Nuestro Proyecto Educativo promueve una formaci\u00f3n integral, centrada en el desarrollo de aprendizajes acad\u00e9micos, habilidades sociales y valores fundamentales para la vida en comunidad.<\/p>\n\n\n\n<p>El enfoque educativo de la escuela se sustenta en:<\/p>\n\n\n\n<ul class=\"wp-block-list\">\n<li>El respeto por la diversidad y la inclusi\u00f3n educativa<\/li>\n\n\n\n<li>La formaci\u00f3n val\u00f3rica y ciudadana<\/li>\n\n\n\n<li>El aprendizaje significativo y contextualizado<\/li>\n\n\n\n<li>La convivencia escolar positiva<\/li>\n\n\n\n<li>La participaci\u00f3n activa de la familia y la comunidad<\/li>\n<\/ul>\n\n\n\n<h2 class=\"wp-block-heading\">Principios y valores<\/h2>\n\n\n\n<p>El quehacer educativo de la escuela se basa en los siguientes principios y valores:<\/p>\n\n\n\n<ul class=\"wp-block-list\">\n<li>Respeto<\/li>\n\n\n\n<li>Responsabilidad<\/li>\n\n\n\n<li>Solidaridad<\/li>\n\n\n\n<li>Honestidad<\/li>\n\n\n\n<li>Trabajo colaborativo<\/li>\n\n\n\n<li>Compromiso con el aprendizaje<\/li>\n<\/ul>\n\n\n\n<p>Estos valores orientan la convivencia diaria y el desarrollo integral de los estudiantes.<\/p>\n\n\n\n<h2 class=\"wp-block-heading\">Compromiso institucional<\/h2>\n\n\n\n<p>La&nbsp;Escuela de Concentraci\u00f3n Los Loros&nbsp;asume el compromiso de:<\/p>\n\n\n\n<ul class=\"wp-block-list\">\n<li>Brindar igualdad de oportunidades de aprendizaje<\/li>\n\n\n\n<li>Fortalecer el desarrollo integral de cada estudiante<\/li>\n\n\n\n<li>Promover un clima escolar seguro y respetuoso<\/li>\n\n\n\n<li>Trabajar colaborativamente con las familias y la comunidad<\/li>\n<\/ul>\n\n\n\n<p>Nuestro Proyecto Educativo es un instrumento din\u00e1mico, en permanente revisi\u00f3n, que responde a los desaf\u00edos educativos actuales y al contexto sociocultural de nuestra comunidad.<\/p>\n\n\n\n<blockquote class=\"wp-block-quote is-layout-flow wp-block-quote-is-layout-flow\">\n<p>Para conocer en detalle los principios, objetivos y lineamientos que orientan nuestra labor educativa, ponemos a disposici\u00f3n de la comunidad nuestro Proyecto Educativo Institucional.<\/p>\n<\/blockquote>\n\n\n\n<div data-wp-interactive=\"core\/file\" class=\"wp-block-file\"><object data-wp-bind--hidden=\"!state.hasPdfPreview\" hidden class=\"wp-block-file__embed\" data=\"https:\/\/escuelaconcentracion.com\/wp-content\/uploads\/2025\/12\/ProyectoEducativo441-1.pdf\" type=\"application\/pdf\" style=\"width:100%;height:600px\" aria-label=\"Incrustado de ProyectoEducativo441.\"><\/object><a id=\"wp-block-file--media-8e5e29bb-af23-4634-89e1-0d1016006cbd\" href=\"https:\/\/escuelaconcentracion.com\/wp-content\/uploads\/2025\/12\/ProyectoEducativo441-1.pdf\">ProyectoEducativo441<\/a><a href=\"https:\/\/escuelaconcentracion.com\/wp-content\/uploads\/2025\/12\/ProyectoEducativo441-1.pdf\" class=\"wp-block-file__button wp-element-button\" download aria-describedby=\"wp-block-file--media-8e5e29bb-af23-4634-89e1-0d1016006cbd\">Descargar<\/a><\/div>\n","protected":false},"excerpt":{"rendered":"<p>Proyecto Educativo Institucional (PEI) La Escuela busca ser una instituci\u00f3n con alta calidad acad\u00e9mica y val\u00f3rica, a partir de un equipo profesional y administrativo competente, en formaci\u00f3n continua y permanente; capaz de formar integralmente a alumnos y alumnas identificados con su escuela y su entorno. Entreg\u00e1ndoles, mediante el logro de los objetivos de aprendizaje transversales, [&hellip;]<\/p>\n","protected":false},"author":1,"featured_media":0,"parent":0,"menu_order":0,"comment_status":"closed","ping_status":"closed","template":"","meta":{"footnotes":""},"class_list":["post-10","page","type-page","status-publish","hentry"],"blocksy_meta":[],"_hostinger_reach_plugin_has_subscription_block":false,"_hostinger_reach_plugin_is_elementor":false,"_links":{"self":[{"href":"https:\/\/escuelaconcentracion.com\/index.php?rest_route=\/wp\/v2\/pages\/10","targetHints":{"allow":["GET"]}}],"collection":[{"href":"https:\/\/escuelaconcentracion.com\/index.php?rest_route=\/wp\/v2\/pages"}],"about":[{"href":"https:\/\/escuelaconcentracion.com\/index.php?rest_route=\/wp\/v2\/types\/page"}],"author":[{"embeddable":true,"href":"https:\/\/escuelaconcentracion.com\/index.php?rest_route=\/wp\/v2\/users\/1"}],"replies":[{"embeddable":true,"href":"https:\/\/escuelaconcentracion.com\/index.php?rest_route=%2Fwp%2Fv2%2Fcomments&post=10"}],"version-history":[{"count":5,"href":"https:\/\/escuelaconcentracion.com\/index.php?rest_route=\/wp\/v2\/pages\/10\/revisions"}],"predecessor-version":[{"id":3381,"href":"https:\/\/escuelaconcentracion.com\/index.php?rest_route=\/wp\/v2\/pages\/10\/revisions\/3381"}],"wp:attachment":[{"href":"https:\/\/escuelaconcentracion.com\/index.php?rest_route=%2Fwp%2Fv2%2Fmedia&parent=10"}],"curies":[{"name":"wp","href":"https:\/\/api.w.org\/{rel}","templated":true}]}}